{"id":679,"date":"2017-06-14T08:23:05","date_gmt":"2017-06-14T08:23:05","guid":{"rendered":"http:\/\/localhost\/construct\/?page_id=679"},"modified":"2022-09-18T23:41:27","modified_gmt":"2022-09-18T23:41:27","slug":"our-services","status":"publish","type":"page","link":"https:\/\/elifyapimermer.com\/?page_id=679","title":{"rendered":"\u00dcr\u00fcnlerimiz"},"content":{"rendered":"<p>[vc_row css=&#8221;.vc_custom_1497429195737{padding-top: 80px !important;padding-bottom: 20px !important;}&#8221;][vc_column]\t\n\t<div class=\"row\">\n\t\t<div class=\"col-md-4 col-sm-6\">\n\t\t<div class=\"service-item clearfix \">\n\t        <div class=\"thumb\"><a href=\"https:\/\/elifyapimermer.com\/?service=mermer-uygulamalari\" title=\"MERMER UYGULAMALARI\"><img loading=\"lazy\" decoding=\"async\" width=\"370\" height=\"220\" src=\"https:\/\/elifyapimermer.com\/wp-content\/uploads\/2022\/09\/image19.jpg\" class=\"attachment-post-thumbnail size-post-thumbnail wp-post-image\" alt=\"\" srcset=\"https:\/\/elifyapimermer.com\/wp-content\/uploads\/2022\/09\/image19.jpg 370w, https:\/\/elifyapimermer.com\/wp-content\/uploads\/2022\/09\/image19-300x178.jpg 300w\" sizes=\"auto, (max-width: 370px) 100vw, 370px\" \/><\/a><\/div>\n\t        <div class=\"service-item-wrap\">\n\t            <h3 class=\"title font-size-18\"><a href=\"https:\/\/elifyapimermer.com\/?service=mermer-uygulamalari\">MERMER UYGULAMALARI<\/a><\/h3>\n\t            <div class=\"desc\"><p>A\u00e7\u0131klama yaz\u0131s\u0131 gelecek.A\u00e7\u0131klama yaz\u0131s\u0131 gelecek.A\u00e7\u0131klama yaz\u0131s\u0131 gelecek.A\u00e7\u0131klama yaz\u0131s\u0131 gelecek.<\/p>\n<\/div>\n\t            \t\t            <div class=\"link\">\n\t\t                <a href=\"https:\/\/elifyapimermer.com\/?service=mermer-uygulamalari\" class=\"wprt-button small rounded-3px\">Devam\u0131...<\/a>\n\t\t            <\/div>\n\t\t        \t        <\/div>\n\t    <\/div>\n\t    <div class=\"wprt-spacer\" data-desktop=\"60\" data-mobi=\"60\" data-smobi=\"60\"><\/div>\n\t<\/div>\n\n\t\t<div class=\"col-md-4 col-sm-6\">\n\t\t<div class=\"service-item clearfix \">\n\t        <div class=\"thumb\"><a href=\"https:\/\/elifyapimermer.com\/?service=eviyeler\" title=\"EV\u0130YELER\"><img loading=\"lazy\" decoding=\"async\" width=\"370\" height=\"220\" src=\"https:\/\/elifyapimermer.com\/wp-content\/uploads\/2022\/09\/image10-1.jpg\" class=\"attachment-post-thumbnail size-post-thumbnail wp-post-image\" alt=\"\" srcset=\"https:\/\/elifyapimermer.com\/wp-content\/uploads\/2022\/09\/image10-1.jpg 370w, https:\/\/elifyapimermer.com\/wp-content\/uploads\/2022\/09\/image10-1-300x178.jpg 300w\" sizes=\"auto, (max-width: 370px) 100vw, 370px\" \/><\/a><\/div>\n\t        <div class=\"service-item-wrap\">\n\t            <h3 class=\"title font-size-18\"><a href=\"https:\/\/elifyapimermer.com\/?service=eviyeler\">EV\u0130YELER<\/a><\/h3>\n\t            <div class=\"desc\"><p>A\u00e7\u0131klama yaz\u0131s\u0131 gelecek.A\u00e7\u0131klama yaz\u0131s\u0131 gelecek.A\u00e7\u0131klama yaz\u0131s\u0131 gelecek.A\u00e7\u0131klama yaz\u0131s\u0131 gelecek.<\/p>\n<\/div>\n\t            \t\t            <div class=\"link\">\n\t\t                <a href=\"https:\/\/elifyapimermer.com\/?service=eviyeler\" class=\"wprt-button small rounded-3px\">Devam\u0131...<\/a>\n\t\t            <\/div>\n\t\t        \t        <\/div>\n\t    <\/div>\n\t    <div class=\"wprt-spacer\" data-desktop=\"60\" data-mobi=\"60\" data-smobi=\"60\"><\/div>\n\t<\/div>\n\n\t\t<div class=\"col-md-4 col-sm-6\">\n\t\t<div class=\"service-item clearfix \">\n\t        <div class=\"thumb\"><a href=\"https:\/\/elifyapimermer.com\/?service=construction-consultant\" title=\"MERMERLER\"><img loading=\"lazy\" decoding=\"async\" width=\"370\" height=\"220\" src=\"https:\/\/elifyapimermer.com\/wp-content\/uploads\/2017\/05\/klasikbej.jpg\" class=\"attachment-post-thumbnail size-post-thumbnail wp-post-image\" alt=\"\" srcset=\"https:\/\/elifyapimermer.com\/wp-content\/uploads\/2017\/05\/klasikbej.jpg 370w, https:\/\/elifyapimermer.com\/wp-content\/uploads\/2017\/05\/klasikbej-300x178.jpg 300w\" sizes=\"auto, (max-width: 370px) 100vw, 370px\" \/><\/a><\/div>\n\t        <div class=\"service-item-wrap\">\n\t            <h3 class=\"title font-size-18\"><a href=\"https:\/\/elifyapimermer.com\/?service=construction-consultant\">MERMERLER<\/a><\/h3>\n\t            <div class=\"desc\"><p>A\u00e7\u0131klama yaz\u0131s\u0131 gelecek.A\u00e7\u0131klama yaz\u0131s\u0131 gelecek.A\u00e7\u0131klama yaz\u0131s\u0131 gelecek.A\u00e7\u0131klama yaz\u0131s\u0131 gelecek.<\/p>\n<\/div>\n\t            \t\t            <div class=\"link\">\n\t\t                <a href=\"https:\/\/elifyapimermer.com\/?service=construction-consultant\" class=\"wprt-button small rounded-3px\">Devam\u0131...<\/a>\n\t\t            <\/div>\n\t\t        \t        <\/div>\n\t    <\/div>\n\t    <div class=\"wprt-spacer\" data-desktop=\"60\" data-mobi=\"60\" data-smobi=\"60\"><\/div>\n\t<\/div>\n\n\t\t<div class=\"col-md-4 col-sm-6\">\n\t\t<div class=\"service-item clearfix \">\n\t        <div class=\"thumb\"><a href=\"https:\/\/elifyapimermer.com\/?service=resconstruction-services\" title=\"BELENCO\"><img loading=\"lazy\" decoding=\"async\" width=\"370\" height=\"220\" src=\"https:\/\/elifyapimermer.com\/wp-content\/uploads\/2017\/05\/blenco-1.jpg\" class=\"attachment-post-thumbnail size-post-thumbnail wp-post-image\" alt=\"\" srcset=\"https:\/\/elifyapimermer.com\/wp-content\/uploads\/2017\/05\/blenco-1.jpg 370w, https:\/\/elifyapimermer.com\/wp-content\/uploads\/2017\/05\/blenco-1-300x178.jpg 300w\" sizes=\"auto, (max-width: 370px) 100vw, 370px\" \/><\/a><\/div>\n\t        <div class=\"service-item-wrap\">\n\t            <h3 class=\"title font-size-18\"><a href=\"https:\/\/elifyapimermer.com\/?service=resconstruction-services\">BELENCO<\/a><\/h3>\n\t            <div class=\"desc\"><p>A\u00e7\u0131klama yaz\u0131s\u0131 gelecek.A\u00e7\u0131klama yaz\u0131s\u0131 gelecek.A\u00e7\u0131klama yaz\u0131s\u0131 gelecek.A\u00e7\u0131klama yaz\u0131s\u0131 <\/p>\n<\/div>\n\t            \t\t            <div class=\"link\">\n\t\t                <a href=\"https:\/\/elifyapimermer.com\/?service=resconstruction-services\" class=\"wprt-button small rounded-3px\">Devam\u0131...<\/a>\n\t\t            <\/div>\n\t\t        \t        <\/div>\n\t    <\/div>\n\t    <div class=\"wprt-spacer\" data-desktop=\"60\" data-mobi=\"60\" data-smobi=\"60\"><\/div>\n\t<\/div>\n\n\t\t<div class=\"col-md-4 col-sm-6\">\n\t\t<div class=\"service-item clearfix \">\n\t        <div class=\"thumb\"><a href=\"https:\/\/elifyapimermer.com\/?service=architectural-design\" title=\"PORSELEN TEZGAH\"><img loading=\"lazy\" decoding=\"async\" width=\"370\" height=\"220\" src=\"https:\/\/elifyapimermer.com\/wp-content\/uploads\/2017\/05\/abu-dhabi-white-adw-01.jpg\" class=\"attachment-post-thumbnail size-post-thumbnail wp-post-image\" alt=\"\" srcset=\"https:\/\/elifyapimermer.com\/wp-content\/uploads\/2017\/05\/abu-dhabi-white-adw-01.jpg 370w, https:\/\/elifyapimermer.com\/wp-content\/uploads\/2017\/05\/abu-dhabi-white-adw-01-300x178.jpg 300w\" sizes=\"auto, (max-width: 370px) 100vw, 370px\" \/><\/a><\/div>\n\t        <div class=\"service-item-wrap\">\n\t            <h3 class=\"title font-size-18\"><a href=\"https:\/\/elifyapimermer.com\/?service=architectural-design\">PORSELEN TEZGAH<\/a><\/h3>\n\t            <div class=\"desc\"><p>A\u00e7\u0131klama yaz\u0131s\u0131 gelecek.A\u00e7\u0131klama yaz\u0131s\u0131 gelecek.A\u00e7\u0131klama yaz\u0131s\u0131 gelecek.<\/p>\n<\/div>\n\t            \t\t            <div class=\"link\">\n\t\t                <a href=\"https:\/\/elifyapimermer.com\/?service=architectural-design\" class=\"wprt-button small rounded-3px\">Devam\u0131...<\/a>\n\t\t            <\/div>\n\t\t        \t        <\/div>\n\t    <\/div>\n\t    <div class=\"wprt-spacer\" data-desktop=\"60\" data-mobi=\"60\" data-smobi=\"60\"><\/div>\n\t<\/div>\n\n\t\t<div class=\"col-md-4 col-sm-6\">\n\t\t<div class=\"service-item clearfix \">\n\t        <div class=\"thumb\"><a href=\"https:\/\/elifyapimermer.com\/?service=design-construction\" title=\"GRAN\u0130TLER\"><img loading=\"lazy\" decoding=\"async\" width=\"370\" height=\"220\" src=\"https:\/\/elifyapimermer.com\/wp-content\/uploads\/2017\/05\/bAZUL-PLATINO-2863.jpg\" class=\"attachment-post-thumbnail size-post-thumbnail wp-post-image\" alt=\"\" srcset=\"https:\/\/elifyapimermer.com\/wp-content\/uploads\/2017\/05\/bAZUL-PLATINO-2863.jpg 370w, https:\/\/elifyapimermer.com\/wp-content\/uploads\/2017\/05\/bAZUL-PLATINO-2863-300x178.jpg 300w\" sizes=\"auto, (max-width: 370px) 100vw, 370px\" \/><\/a><\/div>\n\t        <div class=\"service-item-wrap\">\n\t            <h3 class=\"title font-size-18\"><a href=\"https:\/\/elifyapimermer.com\/?service=design-construction\">GRAN\u0130TLER<\/a><\/h3>\n\t            <div class=\"desc\"><p>A\u00e7\u0131klama yaz\u0131s\u0131 gelecek.A\u00e7\u0131klama yaz\u0131s\u0131 gelecek.A\u00e7\u0131klama yaz\u0131s\u0131 gelecek.A\u00e7\u0131klama yaz\u0131s\u0131 gelecek.<\/p>\n<\/div>\n\t            \t\t            <div class=\"link\">\n\t\t                <a href=\"https:\/\/elifyapimermer.com\/?service=design-construction\" class=\"wprt-button small rounded-3px\">Devam\u0131...<\/a>\n\t\t            <\/div>\n\t\t        \t        <\/div>\n\t    <\/div>\n\t    <div class=\"wprt-spacer\" data-desktop=\"60\" data-mobi=\"60\" data-smobi=\"60\"><\/div>\n\t<\/div>\n\n\t\t<div class=\"col-md-4 col-sm-6\">\n\t\t<div class=\"service-item clearfix \">\n\t        <div class=\"thumb\"><a href=\"https:\/\/elifyapimermer.com\/?service=the-green-building\" title=\"TEKA ANKASTRE\"><img loading=\"lazy\" decoding=\"async\" width=\"370\" height=\"220\" src=\"https:\/\/elifyapimermer.com\/wp-content\/uploads\/2017\/05\/image12.jpg\" class=\"attachment-post-thumbnail size-post-thumbnail wp-post-image\" alt=\"\" srcset=\"https:\/\/elifyapimermer.com\/wp-content\/uploads\/2017\/05\/image12.jpg 370w, https:\/\/elifyapimermer.com\/wp-content\/uploads\/2017\/05\/image12-300x178.jpg 300w\" sizes=\"auto, (max-width: 370px) 100vw, 370px\" \/><\/a><\/div>\n\t        <div class=\"service-item-wrap\">\n\t            <h3 class=\"title font-size-18\"><a href=\"https:\/\/elifyapimermer.com\/?service=the-green-building\">TEKA ANKASTRE<\/a><\/h3>\n\t            <div class=\"desc\"><p>A\u00e7\u0131klama yaz\u0131s\u0131 gelecek.A\u00e7\u0131klama yaz\u0131s\u0131 gelecek.A\u00e7\u0131klama yaz\u0131s\u0131 gelecek.A\u00e7\u0131klama yaz\u0131s\u0131 gelecek.<\/p>\n<\/div>\n\t            \t\t            <div class=\"link\">\n\t\t                <a href=\"https:\/\/elifyapimermer.com\/?service=the-green-building\" class=\"wprt-button small rounded-3px\">Devam\u0131...<\/a>\n\t\t            <\/div>\n\t\t        \t        <\/div>\n\t    <\/div>\n\t    <div class=\"wprt-spacer\" data-desktop=\"60\" data-mobi=\"60\" data-smobi=\"60\"><\/div>\n\t<\/div>\n\n\t\t<div class=\"col-md-4 col-sm-6\">\n\t\t<div class=\"service-item clearfix \">\n\t        <div class=\"thumb\"><a href=\"https:\/\/elifyapimermer.com\/?service=house-renovation\" title=\"\u015e\u00d6M\u0130NELER\"><img loading=\"lazy\" decoding=\"async\" width=\"370\" height=\"220\" src=\"https:\/\/elifyapimermer.com\/wp-content\/uploads\/2017\/04\/dialla.jpg\" class=\"attachment-post-thumbnail size-post-thumbnail wp-post-image\" alt=\"\" srcset=\"https:\/\/elifyapimermer.com\/wp-content\/uploads\/2017\/04\/dialla.jpg 370w, https:\/\/elifyapimermer.com\/wp-content\/uploads\/2017\/04\/dialla-300x178.jpg 300w\" sizes=\"auto, (max-width: 370px) 100vw, 370px\" \/><\/a><\/div>\n\t        <div class=\"service-item-wrap\">\n\t            <h3 class=\"title font-size-18\"><a href=\"https:\/\/elifyapimermer.com\/?service=house-renovation\">\u015e\u00d6M\u0130NELER<\/a><\/h3>\n\t            <div class=\"desc\"><p>A\u00e7\u0131klama yaz\u0131s\u0131 gelecek.A\u00e7\u0131klama yaz\u0131s\u0131 gelecek.A\u00e7\u0131klama yaz\u0131s\u0131 gelecek.A\u00e7\u0131klama yaz\u0131s\u0131 gelecek.A\u00e7\u0131klama yaz\u0131s\u0131 gelecek.<\/p>\n<\/div>\n\t            \t\t            <div class=\"link\">\n\t\t                <a href=\"https:\/\/elifyapimermer.com\/?service=house-renovation\" class=\"wprt-button small rounded-3px\">Devam\u0131...<\/a>\n\t\t            <\/div>\n\t\t        \t        <\/div>\n\t    <\/div>\n\t    <div class=\"wprt-spacer\" data-desktop=\"60\" data-mobi=\"60\" data-smobi=\"60\"><\/div>\n\t<\/div>\n\n\t\t<\/div>\n  \t\n[\/vc_column][\/vc_row]<\/p>\n","protected":false},"excerpt":{"rendered":"<p>[vc_row css=&#8221;.vc_custom_1497429195737{padding-top: 80px !important;padding-bottom: 20px !important;}&#8221;][vc_column][\/vc_column][\/vc_row]<\/p>\n","protected":false},"author":1,"featured_media":0,"parent":0,"menu_order":0,"comment_status":"closed","ping_status":"closed","template":"page-templates\/template-fullwidth.php","meta":{"footnotes":""},"class_list":["post-679","page","type-page","status-publish","hentry"],"_links":{"self":[{"href":"https:\/\/elifyapimermer.com\/index.php?rest_route=\/wp\/v2\/pages\/679","targetHints":{"allow":["GET"]}}],"collection":[{"href":"https:\/\/elifyapimermer.com\/index.php?rest_route=\/wp\/v2\/pages"}],"about":[{"href":"https:\/\/elifyapimermer.com\/index.php?rest_route=\/wp\/v2\/types\/page"}],"author":[{"embeddable":true,"href":"https:\/\/elifyapimermer.com\/index.php?rest_route=\/wp\/v2\/users\/1"}],"replies":[{"embeddable":true,"href":"https:\/\/elifyapimermer.com\/index.php?rest_route=%2Fwp%2Fv2%2Fcomments&post=679"}],"version-history":[{"count":3,"href":"https:\/\/elifyapimermer.com\/index.php?rest_route=\/wp\/v2\/pages\/679\/revisions"}],"predecessor-version":[{"id":1041,"href":"https:\/\/elifyapimermer.com\/index.php?rest_route=\/wp\/v2\/pages\/679\/revisions\/1041"}],"wp:attachment":[{"href":"https:\/\/elifyapimermer.com\/index.php?rest_route=%2Fwp%2Fv2%2Fmedia&parent=679"}],"curies":[{"name":"wp","href":"https:\/\/api.w.org\/{rel}","templated":true}]}}