{"id":813,"date":"2017-06-21T03:36:21","date_gmt":"2017-06-21T03:36:21","guid":{"rendered":"http:\/\/localhost\/construct\/?page_id=813"},"modified":"2026-04-24T18:59:09","modified_gmt":"2026-04-24T18:59:09","slug":"home-3","status":"publish","type":"page","link":"https:\/\/elifyapimermer.com\/","title":{"rendered":"Ana Sayfa"},"content":{"rendered":"<p>[vc_row fullwidth=&#8221;yes&#8221;][vc_column]\n\t<div id=\"hero-section\" data-number=\"6\"  data-image-1='https:\/\/elifyapimermer.com\/wp-content\/uploads\/2022\/09\/image5.jpg'  data-image-2='https:\/\/elifyapimermer.com\/wp-content\/uploads\/2022\/09\/image3.jpg'  data-image-3='https:\/\/elifyapimermer.com\/wp-content\/uploads\/2022\/09\/image14.jpg'  data-image-4='https:\/\/elifyapimermer.com\/wp-content\/uploads\/2022\/09\/image1.jpg'  data-image-5='https:\/\/elifyapimermer.com\/wp-content\/uploads\/2022\/09\/image6.jpg'  data-image-6='https:\/\/elifyapimermer.com\/wp-content\/uploads\/2022\/09\/image12.jpg'  data-effect=\"fade\">\n\t    <div class=\"hero-content\">\n\t        <div class=\"hero-title scroll\" data-min=\"28px\" data-max=\"80px\" data-numbers=\"3\"  data-text-1=\"Elif Yap\u0131 Mermer\"  data-text-2=\"Elif Yap\u0131 Mermer\"  data-text-3=\"Elif Yap\u0131 Mermer\" >\n\t            \t            \t<h1>Elif Yap\u0131 Mermer<\/h1>\n\t            \t            \t<h1>Elif Yap\u0131 Mermer<\/h1>\n\t            \t            \t<h1>Elif Yap\u0131 Mermer<\/h1>\n\t            \t        <\/div>\n\n\t        <div class=\"hero-text\">\n\t            Elif\u00a0 Yapi Mermer Dekorasyon<\/p>\n<p>\t        <\/div>\n\n\t        <a class=\"arrow-2 bounce scroll-target\" href=\"#next-section\"><span class=\"fa fa-angle-down\"><\/span><\/a>\t    <\/div><!-- \/.hero-content -->\n\t<\/div>\n    \t\n[\/vc_column][\/vc_row][vc_row el_class=&#8221;top&#8211;150&#8243;][vc_column offset=&#8221;vc_col-md-4&#8243;]\n\t<div class=\"wprt-content-box style-1\">\n\t    <div class=\"wprt-icon-box icon-effect-2 icon-left\">\n\t        <div class=\"icon-wrap\">\n\t            <span class=\"dd-icon  icon-derrick-with-box-1\"><\/span>\n\t        <\/div>\n\t        <div class=\"content-wrap\">\n\t            <h3 class=\"dd-title text-white font-size-19\"><a href=\"https:\/\/elifyapimermer.com\/?page_id=703\">UYGULAMALARIMIZ<\/a><\/h3>\n\t            <div class=\"dd-link\"><a href=\"https:\/\/elifyapimermer.com\/?page_id=703\">DEVAMI<\/a><\/div>\t        <\/div>\n\t    <\/div>\n    <\/div>\n\n[\/vc_column][vc_column offset=&#8221;vc_col-md-4&#8243;]\n\t<div class=\"wprt-content-box style-1\">\n\t    <div class=\"wprt-icon-box icon-effect-2 icon-left\">\n\t        <div class=\"icon-wrap\">\n\t            <span class=\"dd-icon  icon-garden-fence\"><\/span>\n\t        <\/div>\n\t        <div class=\"content-wrap\">\n\t            <h3 class=\"dd-title text-white font-size-19\"><a href=\"https:\/\/elifyapimermer.com\/?page_id=679\">\u00dcR\u00dcNLER\u0130M\u0130Z<\/a><\/h3>\n\t            <div class=\"dd-link\"><a href=\"https:\/\/elifyapimermer.com\/?page_id=679\">DEVAMI<\/a><\/div>\t        <\/div>\n\t    <\/div>\n    <\/div>\n\n[\/vc_column][vc_column offset=&#8221;vc_col-md-4&#8243;]\n\t<div class=\"wprt-content-box style-1\">\n\t    <div class=\"wprt-icon-box icon-effect-2 icon-left\">\n\t        <div class=\"icon-wrap\">\n\t            <span class=\"dd-icon  icon-crane\"><\/span>\n\t        <\/div>\n\t        <div class=\"content-wrap\">\n\t            <h3 class=\"dd-title text-white font-size-19\"><a href=\"#\">REFERANSLARIMIZ<\/a><\/h3>\n\t            <div class=\"dd-link\"><a href=\"#\">DEVAMI<\/a><\/div>\t        <\/div>\n\t    <\/div>\n    <\/div>\n\n[\/vc_column][\/vc_row][vc_row el_class=&#8221;top&#8211;150&#8243;][vc_column offset=&#8221;vc_col-md-4&#8243;]\n\t<div class=\"wprt-content-box style-1\">\n\t    <div class=\"wprt-icon-box icon-effect-2 icon-left\">\n\t        <div class=\"icon-wrap\">\n\t            <span class=\"dd-icon  icon-derrick-with-box-1\"><\/span>\n\t        <\/div>\n\t        <div class=\"content-wrap\">\n\t            <h3 class=\"dd-title text-white font-size-19\"><a href=\"https:\/\/elifyapimermer.com\/?page_id=703\">UYGULAMALARIMIZ<\/a><\/h3>\n\t            <div class=\"dd-link\"><a href=\"https:\/\/elifyapimermer.com\/?page_id=703\">DEVAMI<\/a><\/div>\t        <\/div>\n\t    <\/div>\n    <\/div>\n\n[\/vc_column][vc_column offset=&#8221;vc_col-md-4&#8243;]\n\t<div class=\"wprt-content-box style-1\">\n\t    <div class=\"wprt-icon-box icon-effect-2 icon-left\">\n\t        <div class=\"icon-wrap\">\n\t            <span class=\"dd-icon  icon-garden-fence\"><\/span>\n\t        <\/div>\n\t        <div class=\"content-wrap\">\n\t            <h3 class=\"dd-title text-white font-size-19\"><a href=\"https:\/\/elifyapimermer.com\/?page_id=679\">\u00dcR\u00dcNLER\u0130M\u0130Z<\/a><\/h3>\n\t            <div class=\"dd-link\"><a href=\"https:\/\/elifyapimermer.com\/?page_id=679\">DEVAMI<\/a><\/div>\t        <\/div>\n\t    <\/div>\n    <\/div>\n\n[\/vc_column][vc_column offset=&#8221;vc_col-md-4&#8243;]\n\t<div class=\"wprt-content-box style-1\">\n\t    <div class=\"wprt-icon-box icon-effect-2 icon-left\">\n\t        <div class=\"icon-wrap\">\n\t            <span class=\"dd-icon  icon-crane\"><\/span>\n\t        <\/div>\n\t        <div class=\"content-wrap\">\n\t            <h3 class=\"dd-title text-white font-size-19\"><a href=\"#\">REFERANSLARIMIZ<\/a><\/h3>\n\t            <div class=\"dd-link\"><a href=\"#\">DEVAMI<\/a><\/div>\t        <\/div>\n\t    <\/div>\n    <\/div>\n\n[\/vc_column][\/vc_row]<\/p>\n<p>&nbsp;<\/p>\n<p>[vc_row css=&#8221;.vc_custom_1497429195737{padding-top: 80px !important;padding-bottom: 20px !important;}&#8221;][vc_column]\t\n\t<div class=\"row\">\n\t\t<div class=\"col-md-4 col-sm-6\">\n\t\t<div class=\"service-item clearfix \">\n\t        <div class=\"thumb\"><a href=\"https:\/\/elifyapimermer.com\/?service=mermer-uygulamalari\" title=\"MERMER UYGULAMALARI\"><img loading=\"lazy\" decoding=\"async\" width=\"370\" height=\"220\" src=\"https:\/\/elifyapimermer.com\/wp-content\/uploads\/2022\/09\/image19.jpg\" class=\"attachment-post-thumbnail size-post-thumbnail wp-post-image\" alt=\"\" srcset=\"https:\/\/elifyapimermer.com\/wp-content\/uploads\/2022\/09\/image19.jpg 370w, https:\/\/elifyapimermer.com\/wp-content\/uploads\/2022\/09\/image19-300x178.jpg 300w\" sizes=\"auto, (max-width: 370px) 100vw, 370px\" \/><\/a><\/div>\n\t        <div class=\"service-item-wrap\">\n\t            <h3 class=\"title font-size-18\"><a href=\"https:\/\/elifyapimermer.com\/?service=mermer-uygulamalari\">MERMER UYGULAMALARI<\/a><\/h3>\n\t            <div class=\"desc\"><p>A\u00e7\u0131klama yaz\u0131s\u0131 gelecek.A\u00e7\u0131klama yaz\u0131s\u0131 gelecek.A\u00e7\u0131klama yaz\u0131s\u0131 gelecek.A\u00e7\u0131klama yaz\u0131s\u0131 gelecek.<\/p>\n<\/div>\n\t            \t\t            <div class=\"link\">\n\t\t                <a href=\"https:\/\/elifyapimermer.com\/?service=mermer-uygulamalari\" class=\"wprt-button small rounded-3px\">Devam\u0131...<\/a>\n\t\t            <\/div>\n\t\t        \t        <\/div>\n\t    <\/div>\n\t    <div class=\"wprt-spacer\" data-desktop=\"60\" data-mobi=\"60\" data-smobi=\"60\"><\/div>\n\t<\/div>\n\n\t\t<div class=\"col-md-4 col-sm-6\">\n\t\t<div class=\"service-item clearfix \">\n\t        <div class=\"thumb\"><a href=\"https:\/\/elifyapimermer.com\/?service=eviyeler\" title=\"EV\u0130YELER\"><img loading=\"lazy\" decoding=\"async\" width=\"370\" height=\"220\" src=\"https:\/\/elifyapimermer.com\/wp-content\/uploads\/2022\/09\/image10-1.jpg\" class=\"attachment-post-thumbnail size-post-thumbnail wp-post-image\" alt=\"\" srcset=\"https:\/\/elifyapimermer.com\/wp-content\/uploads\/2022\/09\/image10-1.jpg 370w, https:\/\/elifyapimermer.com\/wp-content\/uploads\/2022\/09\/image10-1-300x178.jpg 300w\" sizes=\"auto, (max-width: 370px) 100vw, 370px\" \/><\/a><\/div>\n\t        <div class=\"service-item-wrap\">\n\t            <h3 class=\"title font-size-18\"><a href=\"https:\/\/elifyapimermer.com\/?service=eviyeler\">EV\u0130YELER<\/a><\/h3>\n\t            <div class=\"desc\"><p>A\u00e7\u0131klama yaz\u0131s\u0131 gelecek.A\u00e7\u0131klama yaz\u0131s\u0131 gelecek.A\u00e7\u0131klama yaz\u0131s\u0131 gelecek.A\u00e7\u0131klama yaz\u0131s\u0131 gelecek.<\/p>\n<\/div>\n\t            \t\t            <div class=\"link\">\n\t\t                <a href=\"https:\/\/elifyapimermer.com\/?service=eviyeler\" class=\"wprt-button small rounded-3px\">Devam\u0131...<\/a>\n\t\t            <\/div>\n\t\t        \t        <\/div>\n\t    <\/div>\n\t    <div class=\"wprt-spacer\" data-desktop=\"60\" data-mobi=\"60\" data-smobi=\"60\"><\/div>\n\t<\/div>\n\n\t\t<div class=\"col-md-4 col-sm-6\">\n\t\t<div class=\"service-item clearfix \">\n\t        <div class=\"thumb\"><a href=\"https:\/\/elifyapimermer.com\/?service=construction-consultant\" title=\"MERMERLER\"><img loading=\"lazy\" decoding=\"async\" width=\"370\" height=\"220\" src=\"https:\/\/elifyapimermer.com\/wp-content\/uploads\/2017\/05\/klasikbej.jpg\" class=\"attachment-post-thumbnail size-post-thumbnail wp-post-image\" alt=\"\" srcset=\"https:\/\/elifyapimermer.com\/wp-content\/uploads\/2017\/05\/klasikbej.jpg 370w, https:\/\/elifyapimermer.com\/wp-content\/uploads\/2017\/05\/klasikbej-300x178.jpg 300w\" sizes=\"auto, (max-width: 370px) 100vw, 370px\" \/><\/a><\/div>\n\t        <div class=\"service-item-wrap\">\n\t            <h3 class=\"title font-size-18\"><a href=\"https:\/\/elifyapimermer.com\/?service=construction-consultant\">MERMERLER<\/a><\/h3>\n\t            <div class=\"desc\"><p>A\u00e7\u0131klama yaz\u0131s\u0131 gelecek.A\u00e7\u0131klama yaz\u0131s\u0131 gelecek.A\u00e7\u0131klama yaz\u0131s\u0131 gelecek.A\u00e7\u0131klama yaz\u0131s\u0131 gelecek.<\/p>\n<\/div>\n\t            \t\t            <div class=\"link\">\n\t\t                <a href=\"https:\/\/elifyapimermer.com\/?service=construction-consultant\" class=\"wprt-button small rounded-3px\">Devam\u0131...<\/a>\n\t\t            <\/div>\n\t\t        \t        <\/div>\n\t    <\/div>\n\t    <div class=\"wprt-spacer\" data-desktop=\"60\" data-mobi=\"60\" data-smobi=\"60\"><\/div>\n\t<\/div>\n\n\t\t<div class=\"col-md-4 col-sm-6\">\n\t\t<div class=\"service-item clearfix \">\n\t        <div class=\"thumb\"><a href=\"https:\/\/elifyapimermer.com\/?service=resconstruction-services\" title=\"BELENCO\"><img loading=\"lazy\" decoding=\"async\" width=\"370\" height=\"220\" src=\"https:\/\/elifyapimermer.com\/wp-content\/uploads\/2017\/05\/blenco-1.jpg\" class=\"attachment-post-thumbnail size-post-thumbnail wp-post-image\" alt=\"\" srcset=\"https:\/\/elifyapimermer.com\/wp-content\/uploads\/2017\/05\/blenco-1.jpg 370w, https:\/\/elifyapimermer.com\/wp-content\/uploads\/2017\/05\/blenco-1-300x178.jpg 300w\" sizes=\"auto, (max-width: 370px) 100vw, 370px\" \/><\/a><\/div>\n\t        <div class=\"service-item-wrap\">\n\t            <h3 class=\"title font-size-18\"><a href=\"https:\/\/elifyapimermer.com\/?service=resconstruction-services\">BELENCO<\/a><\/h3>\n\t            <div class=\"desc\"><p>A\u00e7\u0131klama yaz\u0131s\u0131 gelecek.A\u00e7\u0131klama yaz\u0131s\u0131 gelecek.A\u00e7\u0131klama yaz\u0131s\u0131 gelecek.A\u00e7\u0131klama yaz\u0131s\u0131 <\/p>\n<\/div>\n\t            \t\t            <div class=\"link\">\n\t\t                <a href=\"https:\/\/elifyapimermer.com\/?service=resconstruction-services\" class=\"wprt-button small rounded-3px\">Devam\u0131...<\/a>\n\t\t            <\/div>\n\t\t        \t        <\/div>\n\t    <\/div>\n\t    <div class=\"wprt-spacer\" data-desktop=\"60\" data-mobi=\"60\" data-smobi=\"60\"><\/div>\n\t<\/div>\n\n\t\t<div class=\"col-md-4 col-sm-6\">\n\t\t<div class=\"service-item clearfix \">\n\t        <div class=\"thumb\"><a href=\"https:\/\/elifyapimermer.com\/?service=architectural-design\" title=\"PORSELEN TEZGAH\"><img loading=\"lazy\" decoding=\"async\" width=\"370\" height=\"220\" src=\"https:\/\/elifyapimermer.com\/wp-content\/uploads\/2017\/05\/abu-dhabi-white-adw-01.jpg\" class=\"attachment-post-thumbnail size-post-thumbnail wp-post-image\" alt=\"\" srcset=\"https:\/\/elifyapimermer.com\/wp-content\/uploads\/2017\/05\/abu-dhabi-white-adw-01.jpg 370w, https:\/\/elifyapimermer.com\/wp-content\/uploads\/2017\/05\/abu-dhabi-white-adw-01-300x178.jpg 300w\" sizes=\"auto, (max-width: 370px) 100vw, 370px\" \/><\/a><\/div>\n\t        <div class=\"service-item-wrap\">\n\t            <h3 class=\"title font-size-18\"><a href=\"https:\/\/elifyapimermer.com\/?service=architectural-design\">PORSELEN TEZGAH<\/a><\/h3>\n\t            <div class=\"desc\"><p>A\u00e7\u0131klama yaz\u0131s\u0131 gelecek.A\u00e7\u0131klama yaz\u0131s\u0131 gelecek.A\u00e7\u0131klama yaz\u0131s\u0131 gelecek.<\/p>\n<\/div>\n\t            \t\t            <div class=\"link\">\n\t\t                <a href=\"https:\/\/elifyapimermer.com\/?service=architectural-design\" class=\"wprt-button small rounded-3px\">Devam\u0131...<\/a>\n\t\t            <\/div>\n\t\t        \t        <\/div>\n\t    <\/div>\n\t    <div class=\"wprt-spacer\" data-desktop=\"60\" data-mobi=\"60\" data-smobi=\"60\"><\/div>\n\t<\/div>\n\n\t\t<div class=\"col-md-4 col-sm-6\">\n\t\t<div class=\"service-item clearfix \">\n\t        <div class=\"thumb\"><a href=\"https:\/\/elifyapimermer.com\/?service=design-construction\" title=\"GRAN\u0130TLER\"><img loading=\"lazy\" decoding=\"async\" width=\"370\" height=\"220\" src=\"https:\/\/elifyapimermer.com\/wp-content\/uploads\/2017\/05\/bAZUL-PLATINO-2863.jpg\" class=\"attachment-post-thumbnail size-post-thumbnail wp-post-image\" alt=\"\" srcset=\"https:\/\/elifyapimermer.com\/wp-content\/uploads\/2017\/05\/bAZUL-PLATINO-2863.jpg 370w, https:\/\/elifyapimermer.com\/wp-content\/uploads\/2017\/05\/bAZUL-PLATINO-2863-300x178.jpg 300w\" sizes=\"auto, (max-width: 370px) 100vw, 370px\" \/><\/a><\/div>\n\t        <div class=\"service-item-wrap\">\n\t            <h3 class=\"title font-size-18\"><a href=\"https:\/\/elifyapimermer.com\/?service=design-construction\">GRAN\u0130TLER<\/a><\/h3>\n\t            <div class=\"desc\"><p>A\u00e7\u0131klama yaz\u0131s\u0131 gelecek.A\u00e7\u0131klama yaz\u0131s\u0131 gelecek.A\u00e7\u0131klama yaz\u0131s\u0131 gelecek.A\u00e7\u0131klama yaz\u0131s\u0131 gelecek.<\/p>\n<\/div>\n\t            \t\t            <div class=\"link\">\n\t\t                <a href=\"https:\/\/elifyapimermer.com\/?service=design-construction\" class=\"wprt-button small rounded-3px\">Devam\u0131...<\/a>\n\t\t            <\/div>\n\t\t        \t        <\/div>\n\t    <\/div>\n\t    <div class=\"wprt-spacer\" data-desktop=\"60\" data-mobi=\"60\" data-smobi=\"60\"><\/div>\n\t<\/div>\n\n\t\t<div class=\"col-md-4 col-sm-6\">\n\t\t<div class=\"service-item clearfix \">\n\t        <div class=\"thumb\"><a href=\"https:\/\/elifyapimermer.com\/?service=the-green-building\" title=\"TEKA ANKASTRE\"><img loading=\"lazy\" decoding=\"async\" width=\"370\" height=\"220\" src=\"https:\/\/elifyapimermer.com\/wp-content\/uploads\/2017\/05\/image12.jpg\" class=\"attachment-post-thumbnail size-post-thumbnail wp-post-image\" alt=\"\" srcset=\"https:\/\/elifyapimermer.com\/wp-content\/uploads\/2017\/05\/image12.jpg 370w, https:\/\/elifyapimermer.com\/wp-content\/uploads\/2017\/05\/image12-300x178.jpg 300w\" sizes=\"auto, (max-width: 370px) 100vw, 370px\" \/><\/a><\/div>\n\t        <div class=\"service-item-wrap\">\n\t            <h3 class=\"title font-size-18\"><a href=\"https:\/\/elifyapimermer.com\/?service=the-green-building\">TEKA ANKASTRE<\/a><\/h3>\n\t            <div class=\"desc\"><p>A\u00e7\u0131klama yaz\u0131s\u0131 gelecek.A\u00e7\u0131klama yaz\u0131s\u0131 gelecek.A\u00e7\u0131klama yaz\u0131s\u0131 gelecek.A\u00e7\u0131klama yaz\u0131s\u0131 gelecek.<\/p>\n<\/div>\n\t            \t\t            <div class=\"link\">\n\t\t                <a href=\"https:\/\/elifyapimermer.com\/?service=the-green-building\" class=\"wprt-button small rounded-3px\">Devam\u0131...<\/a>\n\t\t            <\/div>\n\t\t        \t        <\/div>\n\t    <\/div>\n\t    <div class=\"wprt-spacer\" data-desktop=\"60\" data-mobi=\"60\" data-smobi=\"60\"><\/div>\n\t<\/div>\n\n\t\t<div class=\"col-md-4 col-sm-6\">\n\t\t<div class=\"service-item clearfix \">\n\t        <div class=\"thumb\"><a href=\"https:\/\/elifyapimermer.com\/?service=house-renovation\" title=\"\u015e\u00d6M\u0130NELER\"><img loading=\"lazy\" decoding=\"async\" width=\"370\" height=\"220\" src=\"https:\/\/elifyapimermer.com\/wp-content\/uploads\/2017\/04\/dialla.jpg\" class=\"attachment-post-thumbnail size-post-thumbnail wp-post-image\" alt=\"\" srcset=\"https:\/\/elifyapimermer.com\/wp-content\/uploads\/2017\/04\/dialla.jpg 370w, https:\/\/elifyapimermer.com\/wp-content\/uploads\/2017\/04\/dialla-300x178.jpg 300w\" sizes=\"auto, (max-width: 370px) 100vw, 370px\" \/><\/a><\/div>\n\t        <div class=\"service-item-wrap\">\n\t            <h3 class=\"title font-size-18\"><a href=\"https:\/\/elifyapimermer.com\/?service=house-renovation\">\u015e\u00d6M\u0130NELER<\/a><\/h3>\n\t            <div class=\"desc\"><p>A\u00e7\u0131klama yaz\u0131s\u0131 gelecek.A\u00e7\u0131klama yaz\u0131s\u0131 gelecek.A\u00e7\u0131klama yaz\u0131s\u0131 gelecek.A\u00e7\u0131klama yaz\u0131s\u0131 gelecek.A\u00e7\u0131klama yaz\u0131s\u0131 gelecek.<\/p>\n<\/div>\n\t            \t\t            <div class=\"link\">\n\t\t                <a href=\"https:\/\/elifyapimermer.com\/?service=house-renovation\" class=\"wprt-button small rounded-3px\">Devam\u0131...<\/a>\n\t\t            <\/div>\n\t\t        \t        <\/div>\n\t    <\/div>\n\t    <div class=\"wprt-spacer\" data-desktop=\"60\" data-mobi=\"60\" data-smobi=\"60\"><\/div>\n\t<\/div>\n\n\t\t<\/div>\n  \t\n[\/vc_column][\/vc_row]<\/p>\n<p>&nbsp;<\/p>\n<p>&nbsp;<\/p>\n<p>[vc_row el_class=&#8221;bg-color&#8221; css=&#8221;.vc_custom_1498019702658{padding-top: 32px !important;padding-bottom: 32px !important;}&#8221;][vc_column]\n\t\t\t<div class=\"col-md-8\">\n\t        <div class=\"wprt-spacer\" data-desktop=\"8\" data-mobi=\"0\" data-smobi=\"0\"><\/div>\n\t        <h2 class=\"text-white text-center-mobile font-size-20 margin-bottom-0\"><\/h2>\n\t        <div class=\"wprt-spacer\" data-desktop=\"0\" data-mobi=\"20\" data-smobi=\"20\"><\/div>\n\t    <\/div>\n\n\t    <div class=\"col-md-4\">\n\t        <div class=\"text-right text-center-mobile\">\n\t        \n\t        \t        <\/div>\n\t    <\/div>\n\t\n[\/vc_column][\/vc_row]<\/p>\n<div id=\"gtx-trans\" style=\"position: absolute; left: 571px; top: 744.618px;\">\n<div class=\"gtx-trans-icon\"><\/div>\n<\/div>\n","protected":false},"excerpt":{"rendered":"<p>[vc_row fullwidth=&#8221;yes&#8221;][vc_column][\/vc_column][\/vc_row][vc_row el_class=&#8221;top&#8211;150&#8243;][vc_column offset=&#8221;vc_col-md-4&#8243;][\/vc_column][vc_column offset=&#8221;vc_col-md-4&#8243;][\/vc_column][vc_column offset=&#8221;vc_col-md-4&#8243;][\/vc_column][\/vc_row][vc_row el_class=&#8221;top&#8211;150&#8243;][vc_column offset=&#8221;vc_col-md-4&#8243;][\/vc_column][vc_column offset=&#8221;vc_col-md-4&#8243;][\/vc_column][vc_column offset=&#8221;vc_col-md-4&#8243;][\/vc_column][\/vc_row] &nbsp; [vc_row css=&#8221;.vc_custom_1497429195737{padding-top: 80px !important;padding-bottom: 20px !important;}&#8221;][vc_column][\/vc_column][\/vc_row] &nbsp; &nbsp; [vc_row el_class=&#8221;bg-color&#8221; css=&#8221;.vc_custom_1498019702658{padding-top: 32px !important;padding-bottom: 32px !important;}&#8221;][vc_column][\/vc_column][\/vc_row]<\/p>\n","protected":false},"author":1,"featured_media":0,"parent":0,"menu_order":0,"comment_status":"closed","ping_status":"closed","template":"page-templates\/template-trans.php","meta":{"footnotes":""},"class_list":["post-813","page","type-page","status-publish","hentry"],"_links":{"self":[{"href":"https:\/\/elifyapimermer.com\/index.php?rest_route=\/wp\/v2\/pages\/813","targetHints":{"allow":["GET"]}}],"collection":[{"href":"https:\/\/elifyapimermer.com\/index.php?rest_route=\/wp\/v2\/pages"}],"about":[{"href":"https:\/\/elifyapimermer.com\/index.php?rest_route=\/wp\/v2\/types\/page"}],"author":[{"embeddable":true,"href":"https:\/\/elifyapimermer.com\/index.php?rest_route=\/wp\/v2\/users\/1"}],"replies":[{"embeddable":true,"href":"https:\/\/elifyapimermer.com\/index.php?rest_route=%2Fwp%2Fv2%2Fcomments&post=813"}],"version-history":[{"count":40,"href":"https:\/\/elifyapimermer.com\/index.php?rest_route=\/wp\/v2\/pages\/813\/revisions"}],"predecessor-version":[{"id":1129,"href":"https:\/\/elifyapimermer.com\/index.php?rest_route=\/wp\/v2\/pages\/813\/revisions\/1129"}],"wp:attachment":[{"href":"https:\/\/elifyapimermer.com\/index.php?rest_route=%2Fwp%2Fv2%2Fmedia&parent=813"}],"curies":[{"name":"wp","href":"https:\/\/api.w.org\/{rel}","templated":true}]}}